{"id":463,"date":"2020-06-06T09:41:19","date_gmt":"2020-06-06T09:41:19","guid":{"rendered":"https:\/\/www.flamencotanz-hamburg.de\/?page_id=463"},"modified":"2023-01-25T11:51:42","modified_gmt":"2023-01-25T11:51:42","slug":"hygiene-schutzkonzept","status":"publish","type":"page","link":"https:\/\/www.flamencotanz-hamburg.de\/?page_id=463","title":{"rendered":"Hygiene- &#038; Schutzkonzept"},"content":{"rendered":"\t\t<div data-elementor-type=\"wp-page\" data-elementor-id=\"463\" class=\"elementor elementor-463\">\n\t\t\t\t\t\t<section class=\"elementor-section elementor-top-section elementor-element elementor-element-75e1465 elementor-section-boxed elementor-section-height-default elementor-section-height-default\" data-id=\"75e1465\" data-element_type=\"section\" data-e-type=\"section\">\n\t\t\t\t\t\t<div class=\"elementor-container elementor-column-gap-default\">\n\t\t\t\t\t<div class=\"elementor-column elementor-col-100 elementor-top-column elementor-element elementor-element-6759c4f\" data-id=\"6759c4f\" data-element_type=\"column\" data-e-type=\"column\">\n\t\t\t<div class=\"elementor-widget-wrap elementor-element-populated\">\n\t\t\t\t\t\t<div class=\"elementor-element elementor-element-143d768 elementor-widget elementor-widget-spacer\" data-id=\"143d768\" data-element_type=\"widget\" data-e-type=\"widget\" data-widget_type=\"spacer.default\">\n\t\t\t\t<div class=\"elementor-widget-container\">\n\t\t\t\t\t\t\t<div class=\"elementor-spacer\">\n\t\t\t<div class=\"elementor-spacer-inner\"><\/div>\n\t\t<\/div>\n\t\t\t\t\t\t<\/div>\n\t\t\t\t<\/div>\n\t\t\t\t<div class=\"elementor-element elementor-element-a8e9c8c elementor-widget elementor-widget-heading\" data-id=\"a8e9c8c\" data-element_type=\"widget\" data-e-type=\"widget\" data-widget_type=\"heading.default\">\n\t\t\t\t<div class=\"elementor-widget-container\">\n\t\t\t\t\t<h1 class=\"elementor-heading-title elementor-size-default\">Hygiene- &amp; Schutzkonzept<\/h1>\t\t\t\t<\/div>\n\t\t\t\t<\/div>\n\t\t\t\t\t<\/div>\n\t\t<\/div>\n\t\t\t\t\t<\/div>\n\t\t<\/section>\n\t\t\t\t<section class=\"elementor-section elementor-top-section elementor-element elementor-element-7557279 elementor-section-boxed elementor-section-height-default elementor-section-height-default\" data-id=\"7557279\" data-element_type=\"section\" data-e-type=\"section\">\n\t\t\t\t\t\t<div class=\"elementor-container elementor-column-gap-default\">\n\t\t\t\t\t<div class=\"elementor-column elementor-col-100 elementor-top-column elementor-element elementor-element-fa35f77\" data-id=\"fa35f77\" data-element_type=\"column\" data-e-type=\"column\">\n\t\t\t<div class=\"elementor-widget-wrap elementor-element-populated\">\n\t\t\t\t\t\t<div class=\"elementor-element elementor-element-c56c965 elementor-widget elementor-widget-spacer\" data-id=\"c56c965\" data-element_type=\"widget\" data-e-type=\"widget\" data-widget_type=\"spacer.default\">\n\t\t\t\t<div class=\"elementor-widget-container\">\n\t\t\t\t\t\t\t<div class=\"elementor-spacer\">\n\t\t\t<div class=\"elementor-spacer-inner\"><\/div>\n\t\t<\/div>\n\t\t\t\t\t\t<\/div>\n\t\t\t\t<\/div>\n\t\t\t\t<div class=\"elementor-element elementor-element-f80fafa elementor-widget elementor-widget-text-editor\" data-id=\"f80fafa\" data-element_type=\"widget\" data-e-type=\"widget\" data-widget_type=\"text-editor.default\">\n\t\t\t\t<div class=\"elementor-widget-container\">\n\t\t\t\t\t\t\t\t\t<h2 style=\"padding-left: 40px; text-align: center;\"><span style=\"color: #800000;\">Hygiene- &amp; Schutzkonzept <br \/><\/span><\/h2><p style=\"text-align: left; padding-left: 40px;\">Aktuell sind gesetzlich keine spezifischen Schutzma\u00dfnahmen erforderlich.<\/p><p style=\"text-align: left; padding-left: 40px;\">Es wird trotzdem darum gebeten, die allgemeine Nies- und Hustenetikette in allen R\u00e4umen und beim Unterricht einzuhalten.<\/p><p style=\"text-align: left; padding-left: 40px;\">Die Kursr\u00e4ume werden regelm\u00e4\u00dfig gel\u00fcftet.<\/p><p style=\"text-align: left; padding-left: 40px;\">Mit starken Erk\u00e4ltungssymptomen wird au\u00dferdem gebeten, den Unterricht fern zu bleiben.\u00a0<\/p><p>Neben den hier aufgef\u00fchrten Vorgaben gilt f\u00fcr jeden Kurs die Ma\u00dfnahmen des jeweiligen Studios, in denen die Kurse stattfinden.<\/p>\t\t\t\t\t\t\t\t<\/div>\n\t\t\t\t<\/div>\n\t\t\t\t<div class=\"elementor-element elementor-element-4ed42a4 elementor-widget elementor-widget-spacer\" data-id=\"4ed42a4\" data-element_type=\"widget\" data-e-type=\"widget\" data-widget_type=\"spacer.default\">\n\t\t\t\t<div class=\"elementor-widget-container\">\n\t\t\t\t\t\t\t<div class=\"elementor-spacer\">\n\t\t\t<div class=\"elementor-spacer-inner\"><\/div>\n\t\t<\/div>\n\t\t\t\t\t\t<\/div>\n\t\t\t\t<\/div>\n\t\t\t\t\t<\/div>\n\t\t<\/div>\n\t\t\t\t\t<\/div>\n\t\t<\/section>\n\t\t\t\t<\/div>\n\t\t","protected":false},"excerpt":{"rendered":"<p>Hygiene- &#038; Schutzkonzept Hygiene- &amp; Schutzkonzept Aktuell sind gesetzlich keine spezifischen Schutzma\u00dfnahmen erforderlich. Es wird trotzdem darum gebeten, die allgemeine Nies- und Hustenetikette in allen R\u00e4umen und beim Unterricht einzuhalten. Die Kursr\u00e4ume werden regelm\u00e4\u00dfig gel\u00fcftet. Mit starken Erk\u00e4ltungssymptomen wird au\u00dferdem gebeten, den Unterricht fern zu bleiben.\u00a0 Neben den hier aufgef\u00fchrten Vorgaben gilt f\u00fcr jeden Kurs [&hellip;]<\/p>\n","protected":false},"author":1,"featured_media":0,"parent":0,"menu_order":0,"comment_status":"closed","ping_status":"closed","template":"","meta":{"footnotes":""},"class_list":["post-463","page","type-page","status-publish","hentry","entry"],"_links":{"self":[{"href":"https:\/\/www.flamencotanz-hamburg.de\/index.php?rest_route=\/wp\/v2\/pages\/463","targetHints":{"allow":["GET"]}}],"collection":[{"href":"https:\/\/www.flamencotanz-hamburg.de\/index.php?rest_route=\/wp\/v2\/pages"}],"about":[{"href":"https:\/\/www.flamencotanz-hamburg.de\/index.php?rest_route=\/wp\/v2\/types\/page"}],"author":[{"embeddable":true,"href":"https:\/\/www.flamencotanz-hamburg.de\/index.php?rest_route=\/wp\/v2\/users\/1"}],"replies":[{"embeddable":true,"href":"https:\/\/www.flamencotanz-hamburg.de\/index.php?rest_route=%2Fwp%2Fv2%2Fcomments&post=463"}],"version-history":[{"count":15,"href":"https:\/\/www.flamencotanz-hamburg.de\/index.php?rest_route=\/wp\/v2\/pages\/463\/revisions"}],"predecessor-version":[{"id":730,"href":"https:\/\/www.flamencotanz-hamburg.de\/index.php?rest_route=\/wp\/v2\/pages\/463\/revisions\/730"}],"wp:attachment":[{"href":"https:\/\/www.flamencotanz-hamburg.de\/index.php?rest_route=%2Fwp%2Fv2%2Fmedia&parent=463"}],"curies":[{"name":"wp","href":"https:\/\/api.w.org\/{rel}","templated":true}]}}