{"id":185,"date":"2019-10-26T17:13:44","date_gmt":"2019-10-26T17:13:44","guid":{"rendered":"http:\/\/www.flamencotanz-hamburg.de\/?page_id=185"},"modified":"2023-01-25T11:44:44","modified_gmt":"2023-01-25T11:44:44","slug":"agb","status":"publish","type":"page","link":"https:\/\/www.flamencotanz-hamburg.de\/?page_id=185","title":{"rendered":"AGB"},"content":{"rendered":"\t\t<div data-elementor-type=\"wp-page\" data-elementor-id=\"185\" class=\"elementor elementor-185\">\n\t\t\t\t\t\t<section class=\"elementor-section elementor-top-section elementor-element elementor-element-6662fe9 elementor-section-boxed elementor-section-height-default elementor-section-height-default\" data-id=\"6662fe9\" data-element_type=\"section\" data-e-type=\"section\">\n\t\t\t\t\t\t<div class=\"elementor-container elementor-column-gap-default\">\n\t\t\t\t\t<div class=\"elementor-column elementor-col-100 elementor-top-column elementor-element elementor-element-4817722\" data-id=\"4817722\" data-element_type=\"column\" data-e-type=\"column\">\n\t\t\t<div class=\"elementor-widget-wrap elementor-element-populated\">\n\t\t\t\t\t\t<div class=\"elementor-element elementor-element-956a0af elementor-widget elementor-widget-spacer\" data-id=\"956a0af\" data-element_type=\"widget\" data-e-type=\"widget\" data-widget_type=\"spacer.default\">\n\t\t\t\t<div class=\"elementor-widget-container\">\n\t\t\t\t\t\t\t<div class=\"elementor-spacer\">\n\t\t\t<div class=\"elementor-spacer-inner\"><\/div>\n\t\t<\/div>\n\t\t\t\t\t\t<\/div>\n\t\t\t\t<\/div>\n\t\t\t\t\t<\/div>\n\t\t<\/div>\n\t\t\t\t\t<\/div>\n\t\t<\/section>\n\t\t\t\t<section class=\"elementor-section elementor-top-section elementor-element elementor-element-ec3bcfd elementor-section-boxed elementor-section-height-default elementor-section-height-default\" data-id=\"ec3bcfd\" data-element_type=\"section\" data-e-type=\"section\">\n\t\t\t\t\t\t<div class=\"elementor-container elementor-column-gap-default\">\n\t\t\t\t\t<div class=\"elementor-column elementor-col-100 elementor-top-column elementor-element elementor-element-13197d0\" data-id=\"13197d0\" data-element_type=\"column\" data-e-type=\"column\" data-settings=\"{&quot;background_background&quot;:&quot;classic&quot;}\">\n\t\t\t<div class=\"elementor-widget-wrap elementor-element-populated\">\n\t\t\t\t\t<div class=\"elementor-background-overlay\"><\/div>\n\t\t\t\t\t\t<div class=\"elementor-element elementor-element-6e636a5 elementor-widget elementor-widget-heading\" data-id=\"6e636a5\" data-element_type=\"widget\" data-e-type=\"widget\" data-widget_type=\"heading.default\">\n\t\t\t\t<div class=\"elementor-widget-container\">\n\t\t\t\t\t<h2 class=\"elementor-heading-title elementor-size-large\">Anmelde- und Vertragsbedingungen<\/h2>\t\t\t\t<\/div>\n\t\t\t\t<\/div>\n\t\t\t\t\t<\/div>\n\t\t<\/div>\n\t\t\t\t\t<\/div>\n\t\t<\/section>\n\t\t\t\t<section class=\"elementor-section elementor-top-section elementor-element elementor-element-3e58567 elementor-section-boxed elementor-section-height-default elementor-section-height-default\" data-id=\"3e58567\" data-element_type=\"section\" data-e-type=\"section\" data-settings=\"{&quot;background_background&quot;:&quot;classic&quot;}\">\n\t\t\t\t\t\t<div class=\"elementor-container elementor-column-gap-no\">\n\t\t\t\t\t<div class=\"elementor-column elementor-col-100 elementor-top-column elementor-element elementor-element-2d896d5\" data-id=\"2d896d5\" data-element_type=\"column\" data-e-type=\"column\" data-settings=\"{&quot;background_background&quot;:&quot;classic&quot;}\">\n\t\t\t<div class=\"elementor-widget-wrap elementor-element-populated\">\n\t\t\t\t\t\t<div class=\"elementor-element elementor-element-25c9c58 elementor-widget elementor-widget-text-editor\" data-id=\"25c9c58\" data-element_type=\"widget\" data-e-type=\"widget\" data-widget_type=\"text-editor.default\">\n\t\t\t\t<div class=\"elementor-widget-container\">\n\t\t\t\t\t\t\t\t\t<p><strong>KONTAKT<\/strong><br \/>Gundula K\u00f6nig<\/p><p>Goethestr. 23<br \/>22767 Hamburg<br \/>Mobil: 0177 \/ 56 47 37 1<br \/>E-Mail: flamencotanz(at)hamburg.de<\/p><p><span style=\"font-size: 14pt;\"><strong>Kontaktieren Sie mich gerne telefonisch, um Kursinformationen zu erhalten oder um<\/strong><\/span><br \/><span style=\"font-size: 14pt;\"><strong>eine Flamencotanz Show f\u00fcr Ihre Veranstaltung zu buchen. Ich berate Sie gerne!<\/strong><\/span><\/p><p><strong>Anmelde- und Teilnahmebedingungen<\/strong><br \/>Anmeldungen m\u00fcssen schriftlich bis 5 Werktage vor Kursbeginn erfolgen. Mit Best\u00e4tigung der Anmeldung durch die Kursleiterin gilt die Anmeldung als verbindlich und verpflichtet zur Zahlung des Kursbeitrags. Widerruf der Anmeldung bis 5 Werktage vor Kursbeginn. Sp\u00e4ter kann nur zur\u00fcckgetreten werden, wenn eine Warteliste besteht oder ein Ersatzteilnehmer gestellt wird. Einzelstunden k\u00f6nnen bis 24 Stunden vorher kostenfrei abgesagt werden, danach werden 100% des vereinbarten Honorars f\u00e4llig.<br \/>In allen Kursen, au\u00dfer Workshops &amp; Technikklassen ist eine kostenlose Probestunde m\u00f6glich. Der Besuch der Kurse ist im ersten Monat vertragsfrei m\u00f6glich. Danach gilt eine dreimonatige K\u00fcndigungsfrist zum Monatsende. K\u00fcndigungen sind schriftlich einzureichen.<br \/>Die Kurspreise sind bei den einzelnen Kursen angegeben. Bei der Buchung von zwei fortlaufenden Kursen wird ein Rabatt von 15 %, bei der Buchung von drei fortlaufenden Kursen ein Rabatt von 20% auf den Gesamtpreis gew\u00e4hrt. Die Kursleiterin beh\u00e4lt sich vor Rabatte individuell zu verhandeln. Die Kursbeitr\u00e4ge sind monatlich bis zum 5. Kalendertag zu zahlen. F\u00fcr Workshops, Themen- und Technikklassen ist der Beitrag am ersten Kurstag bei der Kursleiterin in bar zu entrichten. F\u00fcr Studenten und Geringsverdiener gilt, wenn nicht anders angegeben, eine Erm\u00e4\u00dfigung von 35% auf den Kursbeitrag.<br \/>Die Kurse werden regelm\u00e4\u00dfig live mit Gitarre begleitung. Ein Teil der Kosten f\u00fcr die Gitarrenbegleitung wird auf die Teilnehmer des Kurses umgelegt. Die Kurse finden ab vier Teilnehmern statt.<br \/>Unterrichtsfreie Zeit: Soweit von der Kursleiterin nicht anders angek\u00fcndigt findet in den Hamburger Sommerferien, Weihnachtsferien, 1 Woche im Fr\u00fchjahr, 1 Woche im Herbst kein Unterricht statt. Die genauen Termine werden den Kursteilnehmer*innen rechtzeitig mitgeteilt. Nach R\u00fccksprache k\u00f6nnen die Kursteilnehmer w\u00e4hrend der unterrichtsfreien Zeiten den Kursraum zur Unterrichtszeit f\u00fcr eigenes Training kostenfrei nutzen.<\/p>\t\t\t\t\t\t\t\t<\/div>\n\t\t\t\t<\/div>\n\t\t\t\t\t<\/div>\n\t\t<\/div>\n\t\t\t\t\t<\/div>\n\t\t<\/section>\n\t\t\t\t<\/div>\n\t\t","protected":false},"excerpt":{"rendered":"<p>Anmelde- und Vertragsbedingungen KONTAKTGundula K\u00f6nig Goethestr. 2322767 HamburgMobil: 0177 \/ 56 47 37 1E-Mail: flamencotanz(at)hamburg.de Kontaktieren Sie mich gerne telefonisch, um Kursinformationen zu erhalten oder umeine Flamencotanz Show f\u00fcr Ihre Veranstaltung zu buchen. Ich berate Sie gerne! Anmelde- und TeilnahmebedingungenAnmeldungen m\u00fcssen schriftlich bis 5 Werktage vor Kursbeginn erfolgen. Mit Best\u00e4tigung der Anmeldung durch die Kursleiterin [&hellip;]<\/p>\n","protected":false},"author":1,"featured_media":0,"parent":0,"menu_order":0,"comment_status":"closed","ping_status":"closed","template":"","meta":{"footnotes":""},"class_list":["post-185","page","type-page","status-publish","hentry","entry"],"_links":{"self":[{"href":"https:\/\/www.flamencotanz-hamburg.de\/index.php?rest_route=\/wp\/v2\/pages\/185","targetHints":{"allow":["GET"]}}],"collection":[{"href":"https:\/\/www.flamencotanz-hamburg.de\/index.php?rest_route=\/wp\/v2\/pages"}],"about":[{"href":"https:\/\/www.flamencotanz-hamburg.de\/index.php?rest_route=\/wp\/v2\/types\/page"}],"author":[{"embeddable":true,"href":"https:\/\/www.flamencotanz-hamburg.de\/index.php?rest_route=\/wp\/v2\/users\/1"}],"replies":[{"embeddable":true,"href":"https:\/\/www.flamencotanz-hamburg.de\/index.php?rest_route=%2Fwp%2Fv2%2Fcomments&post=185"}],"version-history":[{"count":12,"href":"https:\/\/www.flamencotanz-hamburg.de\/index.php?rest_route=\/wp\/v2\/pages\/185\/revisions"}],"predecessor-version":[{"id":726,"href":"https:\/\/www.flamencotanz-hamburg.de\/index.php?rest_route=\/wp\/v2\/pages\/185\/revisions\/726"}],"wp:attachment":[{"href":"https:\/\/www.flamencotanz-hamburg.de\/index.php?rest_route=%2Fwp%2Fv2%2Fmedia&parent=185"}],"curies":[{"name":"wp","href":"https:\/\/api.w.org\/{rel}","templated":true}]}}