{"id":149,"date":"2019-10-26T13:47:07","date_gmt":"2019-10-26T13:47:07","guid":{"rendered":"http:\/\/www.flamencotanz-hamburg.de\/?page_id=149"},"modified":"2020-01-18T09:10:37","modified_gmt":"2020-01-18T09:10:37","slug":"flamenco","status":"publish","type":"page","link":"https:\/\/www.flamencotanz-hamburg.de\/?page_id=149","title":{"rendered":"Flamenco"},"content":{"rendered":"\t\t<div data-elementor-type=\"wp-page\" data-elementor-id=\"149\" class=\"elementor elementor-149\">\n\t\t\t\t\t\t<section class=\"elementor-section elementor-top-section elementor-element elementor-element-45ad801 elementor-section-boxed elementor-section-height-default elementor-section-height-default\" data-id=\"45ad801\" data-element_type=\"section\" data-e-type=\"section\">\n\t\t\t\t\t\t<div class=\"elementor-container elementor-column-gap-default\">\n\t\t\t\t\t<div class=\"elementor-column elementor-col-100 elementor-top-column elementor-element elementor-element-45d0e10\" data-id=\"45d0e10\" data-element_type=\"column\" data-e-type=\"column\">\n\t\t\t<div class=\"elementor-widget-wrap elementor-element-populated\">\n\t\t\t\t\t\t<div class=\"elementor-element elementor-element-0ef1445 elementor-widget elementor-widget-spacer\" data-id=\"0ef1445\" data-element_type=\"widget\" data-e-type=\"widget\" data-widget_type=\"spacer.default\">\n\t\t\t\t<div class=\"elementor-widget-container\">\n\t\t\t\t\t\t\t<div class=\"elementor-spacer\">\n\t\t\t<div class=\"elementor-spacer-inner\"><\/div>\n\t\t<\/div>\n\t\t\t\t\t\t<\/div>\n\t\t\t\t<\/div>\n\t\t\t\t\t<\/div>\n\t\t<\/div>\n\t\t\t\t\t<\/div>\n\t\t<\/section>\n\t\t\t\t<section class=\"elementor-section elementor-top-section elementor-element elementor-element-9146427 elementor-section-full_width elementor-section-height-default elementor-section-height-default\" data-id=\"9146427\" data-element_type=\"section\" data-e-type=\"section\">\n\t\t\t\t\t\t<div class=\"elementor-container elementor-column-gap-no\">\n\t\t\t\t\t<div class=\"elementor-column elementor-col-100 elementor-top-column elementor-element elementor-element-d65171e\" data-id=\"d65171e\" data-element_type=\"column\" data-e-type=\"column\">\n\t\t\t<div class=\"elementor-widget-wrap elementor-element-populated\">\n\t\t\t\t\t\t<div class=\"elementor-element elementor-element-4e2eafd elementor-widget elementor-widget-text-editor\" data-id=\"4e2eafd\" data-element_type=\"widget\" data-e-type=\"widget\" data-widget_type=\"text-editor.default\">\n\t\t\t\t<div class=\"elementor-widget-container\">\n\t\t\t\t\t\t\t\t\t<h1 style=\"text-align: center;\"><span style=\"color: #d9b423;\">&#8222;Flamenco ist Kunst gewordenes Gef\u00fchl.&#8220;<\/span><\/h1>\t\t\t\t\t\t\t\t<\/div>\n\t\t\t\t<\/div>\n\t\t\t\t<div class=\"elementor-element elementor-element-57c9305 elementor-widget elementor-widget-text-editor\" data-id=\"57c9305\" data-element_type=\"widget\" data-e-type=\"widget\" data-widget_type=\"text-editor.default\">\n\t\t\t\t<div class=\"elementor-widget-container\">\n\t\t\t\t\t\t\t\t\t<p style=\"text-align: center;\"><em>(Zitat: Manolete, Flamenco Maestro)<\/em><\/p>\t\t\t\t\t\t\t\t<\/div>\n\t\t\t\t<\/div>\n\t\t\t\t\t<\/div>\n\t\t<\/div>\n\t\t\t\t\t<\/div>\n\t\t<\/section>\n\t\t\t\t<section class=\"elementor-section elementor-top-section elementor-element elementor-element-4e48573 elementor-section-full_width elementor-section-height-default elementor-section-height-default\" data-id=\"4e48573\" data-element_type=\"section\" data-e-type=\"section\">\n\t\t\t\t\t\t<div class=\"elementor-container elementor-column-gap-no\">\n\t\t\t\t\t<div class=\"elementor-column elementor-col-100 elementor-top-column elementor-element elementor-element-eb54d53\" data-id=\"eb54d53\" data-element_type=\"column\" data-e-type=\"column\">\n\t\t\t<div class=\"elementor-widget-wrap elementor-element-populated\">\n\t\t\t\t\t\t<div class=\"elementor-element elementor-element-047a2eb elementor-widget elementor-widget-text-editor\" data-id=\"047a2eb\" data-element_type=\"widget\" data-e-type=\"widget\" data-widget_type=\"text-editor.default\">\n\t\t\t\t<div class=\"elementor-widget-container\">\n\t\t\t\t\t\t\t\t\t<p><span style=\"font-size: 12pt; color: #800000;\"><strong>Flamenco ist mehr<\/strong> <strong>als nur Musik<\/strong>, Gesang und Tanz. Flamenco ist in seinem Ursprung der Ausdruck eines Lebensgef\u00fchls! Er vereinigt unz\u00e4hlige Stilrichtungen und es gibt ebenso viele M\u00f6glichkeiten der Beschreibung, wie der Interpretation. Doch bleiben alle Versuche der Darstellung nur vage Andeutungen dieser faszinierenden Kunst.<br \/><\/span><\/p><p><span style=\"font-size: 12pt; color: #800000;\"><strong>Die Wurzeln des Flamencos<\/strong> sind auf der iberischen Halbinsel zu finden. Durch die bewegte Geschichte Spaniens wurde diese Kunst zum Schmelztiegel der Kulturen. Indische, arabische und iberische Einfl\u00fcsse vermischen sich und lassen eine einmalige Kunstform entstehen. Klassische Melodien von Generation zu Generation weitergegeben und nur selten in Noten und Partituren erfasst, machen die Musik heute zu einem bedeutenden Kulturerbe.<\/span><\/p><p><span style=\"font-size: 12pt; color: #800000;\"><strong>Weltweit findet sich eine stetig wachsende Anh\u00e4ngerschaft<\/strong>, \u00e4hnlich wie beim Jazz oder Blues, Konzerte und Festivals belegen, dass sich der Flamenco, \u00e4hnlich seinem Wesen, \u00fcberall erzeugen und leben l\u00e4sst.\u00a0<\/span><\/p>\t\t\t\t\t\t\t\t<\/div>\n\t\t\t\t<\/div>\n\t\t\t\t\t<\/div>\n\t\t<\/div>\n\t\t\t\t\t<\/div>\n\t\t<\/section>\n\t\t\t\t<\/div>\n\t\t","protected":false},"excerpt":{"rendered":"<p>&#8222;Flamenco ist Kunst gewordenes Gef\u00fchl.&#8220; (Zitat: Manolete, Flamenco Maestro) Flamenco ist mehr als nur Musik, Gesang und Tanz. Flamenco ist in seinem Ursprung der Ausdruck eines Lebensgef\u00fchls! Er vereinigt unz\u00e4hlige Stilrichtungen und es gibt ebenso viele M\u00f6glichkeiten der Beschreibung, wie der Interpretation. Doch bleiben alle Versuche der Darstellung nur vage Andeutungen dieser faszinierenden Kunst. Die [&hellip;]<\/p>\n","protected":false},"author":1,"featured_media":0,"parent":0,"menu_order":0,"comment_status":"closed","ping_status":"closed","template":"","meta":{"footnotes":""},"class_list":["post-149","page","type-page","status-publish","hentry","entry"],"_links":{"self":[{"href":"https:\/\/www.flamencotanz-hamburg.de\/index.php?rest_route=\/wp\/v2\/pages\/149","targetHints":{"allow":["GET"]}}],"collection":[{"href":"https:\/\/www.flamencotanz-hamburg.de\/index.php?rest_route=\/wp\/v2\/pages"}],"about":[{"href":"https:\/\/www.flamencotanz-hamburg.de\/index.php?rest_route=\/wp\/v2\/types\/page"}],"author":[{"embeddable":true,"href":"https:\/\/www.flamencotanz-hamburg.de\/index.php?rest_route=\/wp\/v2\/users\/1"}],"replies":[{"embeddable":true,"href":"https:\/\/www.flamencotanz-hamburg.de\/index.php?rest_route=%2Fwp%2Fv2%2Fcomments&post=149"}],"version-history":[{"count":12,"href":"https:\/\/www.flamencotanz-hamburg.de\/index.php?rest_route=\/wp\/v2\/pages\/149\/revisions"}],"predecessor-version":[{"id":450,"href":"https:\/\/www.flamencotanz-hamburg.de\/index.php?rest_route=\/wp\/v2\/pages\/149\/revisions\/450"}],"wp:attachment":[{"href":"https:\/\/www.flamencotanz-hamburg.de\/index.php?rest_route=%2Fwp%2Fv2%2Fmedia&parent=149"}],"curies":[{"name":"wp","href":"https:\/\/api.w.org\/{rel}","templated":true}]}}